{"id":2996,"date":"2015-08-17T16:10:20","date_gmt":"2015-08-17T14:10:20","guid":{"rendered":"https:\/\/www.aichiosi.it\/?page_id=2996"},"modified":"2024-04-23T09:56:07","modified_gmt":"2024-04-23T07:56:07","slug":"cookie-policy","status":"publish","type":"page","link":"https:\/\/www.aichiosi.it\/it\/cookie-policy\/","title":{"rendered":"Cookie Policy"},"content":{"rendered":"<p><strong>Titolare del trattamento<\/strong><\/p>\n<p>La presente Cookie Policy ha lo scopo di illustrare i tipi e le categorie di cookies, le finalit\u00e0 e le modalit\u00e0 di utilizzo dei cookies da parte di <strong>B&amp;B \u2013 Affittacamere Ai Chiosi<\/strong>, titolare del trattamento, con sede in Pontremoli(MS), Viale Chiosi , email: <a title=\"Scrivi a B&amp;B \u2013 Affittacamere Ai Chiosi \" href=\"mailto:aichiosibb@gmail.com\" target=\"_blank\" rel=\"noopener noreferrer\">aichiosibb@gmail.com<\/a> e di fornire indicazioni agli utenti circa le azioni per rifiutare o eliminare i cookies presenti sul Sito web <a title=\"B&amp;B \u2013 Affittacamere Ai Chiosi\" href=\"https:\/\/www.aichiosi.it\/\/\" target=\"_blank\" rel=\"noopener noreferrer\">www.aichiosi.it<\/a> in seguito denominato solamente \u201cSito\u201d.<\/p>\n<p><strong>I diritti dell\u2019interessato<\/strong><\/p>\n<p>L\u2019utente ha il diritto in qualunque momento di ottenere la conferma dell\u2019esistenza o meno dei medesimi dati e di conoscerne il contenuto e l\u2019origine, verificarne l\u2019esattezza o chiederne l\u2019integrazione o l\u2019aggiornamento, oppure la rettificazione. Ha il diritto, inoltre, di chiedere la cancellazione, la trasformazione in forma anonima o il blocco dei dati trattati in violazione di legge, nonch\u00e9 di opporsi in ogni caso, per motivi legittimi, al loro trattamento. Mentre per modificare le impostazioni sui cookies potr\u00e0 procedere seguendo le indicazioni presenti in questa Cookie Policy. Le richieste vanno inoltrate al Titolare del trattamento scrivendo al seguente indirizzo mail: <a title=\"Scrivi a B&amp;B \u2013 Affittacamere Ai Chiosi\" href=\"mailto:aichiosibb@gmail.com\" target=\"_blank\" rel=\"noopener noreferrer\">aichiosibb@gmail.com<\/a>. L\u2019utente pu\u00f2 esprimere il <strong>proprio consenso<\/strong> all\u2019utilizzo dei cookies <strong>proseguendo la navigazione <\/strong>sul Sito, ovvero compiendo un\u2019<strong>azione di scorrimento<\/strong>,<strong> cliccando su uno dei link interni<\/strong> delle pagine, oppure cliccando sul tasto \u201c<strong>OK<\/strong>\u201d dell\u2019informativa breve visibile ad ogni primo accesso, come previsto dal provvedimento del Garante per la protezione dei dati personali (<em>n. 229 dell\u20198 maggio 2014<\/em>).<\/p>\n<p><strong>Che cosa sono i cookies?<\/strong><\/p>\n<p>I cookies sono informazioni immesse sul browser quando si visita un Sito web con pc, smartphone o tablet. Ogni cookie contiene diversi dati come, ad esempio, il nome del server da cui proviene, un identificatore numerico, ecc.. I cookies possono rimanere nel sistema per la durata di una sessione (cio\u00e8 fino a che non si chiude il browser utilizzato per la navigazione sul web) o per lunghi periodi e possono contenere un codice identificativo unico.<\/p>\n<p><strong>Quali tipologie e categorie di cookie esistono?<\/strong><\/p>\n<p><span style=\"text-decoration: underline;\">Cookies tecnici<\/span>: sono usati per eseguire autenticazioni informatiche, monitoraggio di sessioni e memorizzazione di informazioni specifiche sugli utenti che accedono ad una pagina web. Non vengono utilizzati per scopi ulteriori e sono normalmente installati direttamente dal titolare del Sito web. Essi possono essere suddivisi in:<\/p>\n<ul>\n<li><strong style=\"font-style: normal;\">Cookies di navigazione o sessione<\/strong>: garantiscono la normale navigazione e fruizione del Sito web e possono renderla pi\u00f9 veloce e rapida, perch\u00e9 ad esempio intervengono a facilitare alcune procedure quando si effettuano acquisti online, quando ci si autentica ad aree ad accesso riservato. Vengono quindi eliminati alla chiusura del browser.<\/li>\n<li><strong style=\"font-style: normal;\">Cookies analitici<\/strong>: assimilati ai cookies tecnici quando utilizzati dai gestori dei siti web per raccogliere informazioni, in forma anonima ed aggregata, sul numero degli utenti e su come questi visitano il Sito stesso, e quindi elaborare statistiche generali sul servizio e sul suo utilizzo.<\/li>\n<li><strong style=\"font-style: normal;\">Cookies di funzionalit\u00e0<\/strong>: permettono all\u2019utente la navigazione in funzione di una serie di criteri selezionato (ad esempio, la lingua, i prodotti selezionati per l\u2019acquisto) al fine di migliorare il servizio reso allo stesso.<\/li>\n<li><strong style=\"font-style: normal;\">Cookies di profilazione<\/strong> (o comportamentali): Sono i cookies utilizzati per tracciare la navigazione dell\u2019utente in rete e creare profili sui suoi gusti, abitudini, scelte, ecc. Con questi cookies possono essere trasmessi al terminale dell\u2019utente messaggi pubblicitari in linea con le preferenze gi\u00e0 manifestate dallo stesso utente nella navigazione online (Behavioural Advertising \u2013 pubblicit\u00e0 comportamentale). Esistono, poi, altre tecnologie similari (web beacon, cookie flash, silver light application storage) in grado di conservare e leggere file di dati sul computer dell\u2019utente. In ragione della particolare invasivit\u00e0 che tali dispositivi possono avere nell\u2019ambito della sfera privata degli utenti, la normativa europea e italiana prevedono che l\u2019utente debba essere adeguatamente informato sull\u2019uso degli stessi ed esprimere cos\u00ec il proprio valido consenso.<\/li>\n<\/ul>\n<p><span style=\"text-decoration: underline;\">Cookies di terze parti<\/span>: Pu\u00f2 accadere anche che una pagina web contenga cookies provenienti da altri siti e contenuti in vari elementi ospitati sulla pagina stessa, come ad esempio banner pubblicitari, immagini, video, ecc.. Parliamo, in questi casi, dei cosiddetti cookies terze parti, che di solito sono utilizzati a fini di profilazione.<\/p>\n<p><strong>Quali cookies utilizza questo Sito?<\/strong> <strong>Questo Sito NON utilizza cookies di profilazione<\/strong>.<\/p>\n<p>Con la presente informativa si comunica agli utenti che i cookies utilizzati in questo Sito web sono solo delle seguenti tipologie:<\/p>\n<p>Cookies tecnici\/necessari<br \/>\nSono cookies assolutamente essenziali per il corretto funzionamento del sito web. Questa categoria include solo i cookie che garantiscono le funzionalit\u00e0 di base e le caratteristiche di sicurezza del sito web. Questi cookie non memorizzano alcuna informazione personale.<\/p>\n<p>Cookies di terze parti<br \/>\nSono cookies installati sul terminale dell\u2019utente ad opera di altri siti, siti terzi appunto, ma tramite il presente Sito. I cookies di terze parti, aventi principalmente finalit\u00e0 di analisi, derivano per lo pi\u00f9 dalle funzionalit\u00e0 di:<\/p>\n<ul>\n<li><strong>Google Analytics<\/strong> (Google Inc.): servizi aventi principalmente finalit\u00e0 di analisi, derivano per lo pi\u00f9 dalle funzionalit\u00e0 di Google Inc<a title=\"Google Analytics Privacy Policy\" href=\"https:\/\/support.google.com\/analytics\/answer\/6004245\" target=\"_blank\" rel=\"noopener noreferrer\">. Policy<\/a> | <a title=\"Google Analytics Opt Out\" href=\"https:\/\/tools.google.com\/dlpage\/gaoptout?hl=it\" target=\"_blank\" rel=\"noopener noreferrer\">Opt Out<\/a><\/li>\n<li><strong>Facebook <\/strong>(Facebook Inc.): piattaforma di social network. <a title=\"Facebook Privacy Policy\" href=\"https:\/\/www.facebook.com\/about\/privacy\/other\" target=\"_blank\" rel=\"noopener noreferrer\">Policy<\/a> | <a title=\"Facebook Opt Out\" href=\"https:\/\/www.facebook.com\/help\/568137493302217\" target=\"_blank\" rel=\"noopener noreferrer\">Opt Out<\/a><\/li>\n<li><strong>Google Maps<\/strong> (Google Inc.): Google Maps \u00e8 un servizio di visualizzazione di mappe gestito da Google Inc. che permette a questa Applicazione di integrare tali contenuti all\u2019interno delle proprie pagine. <a title=\"Google Maps Privacy Policy\" href=\"http:\/\/www.google.it\/intl\/it\/policies\/privacy\/\" target=\"_blank\" rel=\"noopener noreferrer\">Policy<\/a> | <a title=\"Google maps Opt Out\" href=\"https:\/\/support.google.com\/ads\/answer\/2662922?hl=it\" target=\"_blank\" rel=\"noopener noreferrer\">Opt Out<\/a><strong style=\"font-style: normal;\">\u00a0<\/strong><\/li>\n<\/ul>\n<p>&nbsp;<\/p>\n<p>L\u2019elenco seguente descrive in dettaglio i cookie utilizzati nel nostro sito web.<\/p>\n<p><a class=\"cky-banner-element\" href=\"#\">Change Cookie Preferences<\/a><\/p>\n<div class=\"cky-audit-table-element\"><\/div>\n<p>&nbsp;<\/p>\n<p><strong>Come funzionano e come si eliminano i cookies?<\/strong><\/p>\n<p>Le modalit\u00e0 di funzionamento nonch\u00e9 le opzioni per limitare o bloccare i cookies, possono essere regolate modificando le impostazioni del proprio browser internet. La maggioranza dei browser internet sono inizialmente impostati per accettare i cookies in modo automatico, l\u2019utente pu\u00f2 tuttavia modificare queste impostazioni per bloccare i cookies o per essere avvertito ogni volta che i cookies vengono inviati al suo dispositivo o disabilitare i cookies (cio\u00e8 bloccarli in via definitiva), impostando il livello di protezione pi\u00f9 elevato.<\/p>\n<p>Qui sotto il percorso da seguire per gestire i cookies dai seguenti browser:<\/p>\n<ul>\n<li><a style=\"font-style: normal;\" title=\"Chrome - disattivare i Cookie\" href=\"https:\/\/support.mozilla.org\/it\/kb\/protezione-antitracciamento-avanzata-firefox-desktop?redirectslug=Attivare+e+disattivare+i+cookie&amp;redirectlocale=it\" target=\"_blank\" rel=\"noopener noreferrer\">Firefox<\/a><\/li>\n<li><a style=\"font-style: normal;\" title=\"Opera - disattivare i cookie\" href=\"https:\/\/policies.google.com\/technologies\/managing\" target=\"_blank\" rel=\"noopener noreferrer\">Chrome<\/a><\/li>\n<li><a style=\"font-style: normal;\" title=\"Opera - disattivare i cookie\" href=\"https:\/\/support.microsoft.com\/it-it\/help\/17442\/windows-internet-explorer-delete-manage-cookies#ie=ie-11\" target=\"_blank\" rel=\"noopener noreferrer\">Internet Explorer<\/a><\/li>\n<li><a style=\"font-style: normal;\" title=\"Opera - disattivare i cookie\" href=\"https:\/\/support.apple.com\/it-it\/guide\/safari\/sfri11471\/mac\" target=\"_blank\" rel=\"noopener noreferrer\">Safari<\/a><\/li>\n<li><a style=\"font-style: normal;\" title=\"Opera - disattivare i cookie\" href=\"https:\/\/help.opera.com\/en\/latest\/web-preferences\/#cookies\" target=\"_blank\" rel=\"noopener noreferrer\">Opera<\/a><\/li>\n<\/ul>\n<p>Per ulteriori approfondimenti l\u2019utente \u00e8 invitato a fare riferimento al manuale di istruzioni o alla schermata di aiuto del proprio browser per verificare come regolare o modificare le impostazioni dello stesso. Se l\u2019utente usa dispositivi diversi tra loro per visualizzare e accedere a questo Sito (per esempio, computer, smartphone, tablet, ecc.), deve assicurarsi che ciascun browser su ciascun dispositivo sia regolato per riflettere le proprie preferenze relative ai cookies. Per eliminare i cookies dal browser Internet del proprio smartphone\/tablet \u00e8 necessario fare riferimento al manuale d\u2019uso del dispositivo. Per maggiori informazioni sui cookies l\u2019utente \u00e8 invitato a visitare il Sito: <a title=\"About Cookie\" href=\"http:\/\/www.aboutcookies.org\/\" target=\"_blank\" rel=\"noopener noreferrer\">www.aboutcookies.org<\/a>.<\/p>\n","protected":false},"excerpt":{"rendered":"<p>Titolare del trattamento La presente Cookie Policy ha lo scopo di illustrare i tipi e le categorie di cookies, le finalit\u00e0 e le modalit\u00e0 di utilizzo dei cookies da parte di B&amp;B \u2013 Affittacamere Ai Chiosi, titolare del trattamento, &hellip; <\/p>\n<p><a href=\"https:\/\/www.aichiosi.it\/it\/cookie-policy\/\" class=\"read_more_link\">Read more<\/a><\/p>\n","protected":false},"author":1,"featured_media":0,"parent":0,"menu_order":0,"comment_status":"closed","ping_status":"open","template":"","meta":{"footnotes":""},"class_list":["post-2996","page","type-page","status-publish","hentry"],"yoast_head":"<!-- This site is optimized with the Yoast SEO plugin v27.4 - https:\/\/yoast.com\/product\/yoast-seo-wordpress\/ -->\n<title>Cookie Policy - Bed and Breakfast Ai Chiosi<\/title>\n<meta name=\"robots\" content=\"index, follow, max-snippet:-1, max-image-preview:large, max-video-preview:-1\" \/>\n<link rel=\"canonical\" href=\"https:\/\/www.aichiosi.it\/it\/cookie-policy\/\" \/>\n<meta property=\"og:locale\" content=\"it_IT\" \/>\n<meta property=\"og:type\" content=\"article\" \/>\n<meta property=\"og:title\" content=\"Cookie Policy - Bed and Breakfast Ai Chiosi\" \/>\n<meta property=\"og:description\" content=\"Titolare del trattamento La presente Cookie Policy ha lo scopo di illustrare i tipi e le categorie di cookies, le finalit\u00e0 e le modalit\u00e0 di utilizzo dei cookies da parte di B&amp;B \u2013 Affittacamere Ai Chiosi, titolare del trattamento, &hellip; Read more\" \/>\n<meta property=\"og:url\" content=\"https:\/\/www.aichiosi.it\/it\/cookie-policy\/\" \/>\n<meta property=\"og:site_name\" content=\"Bed and Breakfast Ai Chiosi\" \/>\n<meta property=\"article:publisher\" content=\"https:\/\/www.facebook.com\/AiChiosi\" \/>\n<meta property=\"article:modified_time\" content=\"2024-04-23T07:56:07+00:00\" \/>\n<meta name=\"twitter:label1\" content=\"Tempo di lettura stimato\" \/>\n\t<meta name=\"twitter:data1\" content=\"6 minuti\" \/>\n<script type=\"application\/ld+json\" class=\"yoast-schema-graph\">{\"@context\":\"https:\\\/\\\/schema.org\",\"@graph\":[{\"@type\":\"WebPage\",\"@id\":\"https:\\\/\\\/www.aichiosi.it\\\/it\\\/cookie-policy\\\/\",\"url\":\"https:\\\/\\\/www.aichiosi.it\\\/it\\\/cookie-policy\\\/\",\"name\":\"Cookie Policy - Bed and Breakfast Ai Chiosi\",\"isPartOf\":{\"@id\":\"https:\\\/\\\/www.aichiosi.it\\\/it\\\/#website\"},\"datePublished\":\"2015-08-17T14:10:20+00:00\",\"dateModified\":\"2024-04-23T07:56:07+00:00\",\"breadcrumb\":{\"@id\":\"https:\\\/\\\/www.aichiosi.it\\\/it\\\/cookie-policy\\\/#breadcrumb\"},\"inLanguage\":\"it-IT\",\"potentialAction\":[{\"@type\":\"ReadAction\",\"target\":[\"https:\\\/\\\/www.aichiosi.it\\\/it\\\/cookie-policy\\\/\"]}]},{\"@type\":\"BreadcrumbList\",\"@id\":\"https:\\\/\\\/www.aichiosi.it\\\/it\\\/cookie-policy\\\/#breadcrumb\",\"itemListElement\":[{\"@type\":\"ListItem\",\"position\":1,\"name\":\"Home\",\"item\":\"https:\\\/\\\/www.aichiosi.it\\\/it\\\/\"},{\"@type\":\"ListItem\",\"position\":2,\"name\":\"Cookie Policy\"}]},{\"@type\":\"WebSite\",\"@id\":\"https:\\\/\\\/www.aichiosi.it\\\/it\\\/#website\",\"url\":\"https:\\\/\\\/www.aichiosi.it\\\/it\\\/\",\"name\":\"Bed and Breakfast Ai Chiosi\",\"description\":\"Dormire a Pontremoli (MS) - Toscana\",\"publisher\":{\"@id\":\"https:\\\/\\\/www.aichiosi.it\\\/it\\\/#organization\"},\"potentialAction\":[{\"@type\":\"SearchAction\",\"target\":{\"@type\":\"EntryPoint\",\"urlTemplate\":\"https:\\\/\\\/www.aichiosi.it\\\/it\\\/?s={search_term_string}\"},\"query-input\":{\"@type\":\"PropertyValueSpecification\",\"valueRequired\":true,\"valueName\":\"search_term_string\"}}],\"inLanguage\":\"it-IT\"},{\"@type\":\"Organization\",\"@id\":\"https:\\\/\\\/www.aichiosi.it\\\/it\\\/#organization\",\"name\":\"Bed and Breakfast Ai Chiosi\",\"url\":\"https:\\\/\\\/www.aichiosi.it\\\/it\\\/\",\"logo\":{\"@type\":\"ImageObject\",\"inLanguage\":\"it-IT\",\"@id\":\"https:\\\/\\\/www.aichiosi.it\\\/it\\\/#\\\/schema\\\/logo\\\/image\\\/\",\"url\":\"https:\\\/\\\/www.aichiosi.it\\\/wp-content\\\/uploads\\\/2004\\\/01\\\/logo_fiore_ai_chiosi1.png\",\"contentUrl\":\"https:\\\/\\\/www.aichiosi.it\\\/wp-content\\\/uploads\\\/2004\\\/01\\\/logo_fiore_ai_chiosi1.png\",\"width\":418,\"height\":392,\"caption\":\"Bed and Breakfast Ai Chiosi\"},\"image\":{\"@id\":\"https:\\\/\\\/www.aichiosi.it\\\/it\\\/#\\\/schema\\\/logo\\\/image\\\/\"},\"sameAs\":[\"https:\\\/\\\/www.facebook.com\\\/AiChiosi\"]}]}<\/script>\n<!-- \/ Yoast SEO plugin. -->","yoast_head_json":{"title":"Cookie Policy - Bed and Breakfast Ai Chiosi","robots":{"index":"index","follow":"follow","max-snippet":"max-snippet:-1","max-image-preview":"max-image-preview:large","max-video-preview":"max-video-preview:-1"},"canonical":"https:\/\/www.aichiosi.it\/it\/cookie-policy\/","og_locale":"it_IT","og_type":"article","og_title":"Cookie Policy - Bed and Breakfast Ai Chiosi","og_description":"Titolare del trattamento La presente Cookie Policy ha lo scopo di illustrare i tipi e le categorie di cookies, le finalit\u00e0 e le modalit\u00e0 di utilizzo dei cookies da parte di B&amp;B \u2013 Affittacamere Ai Chiosi, titolare del trattamento, &hellip; Read more","og_url":"https:\/\/www.aichiosi.it\/it\/cookie-policy\/","og_site_name":"Bed and Breakfast Ai Chiosi","article_publisher":"https:\/\/www.facebook.com\/AiChiosi","article_modified_time":"2024-04-23T07:56:07+00:00","twitter_misc":{"Tempo di lettura stimato":"6 minuti"},"schema":{"@context":"https:\/\/schema.org","@graph":[{"@type":"WebPage","@id":"https:\/\/www.aichiosi.it\/it\/cookie-policy\/","url":"https:\/\/www.aichiosi.it\/it\/cookie-policy\/","name":"Cookie Policy - Bed and Breakfast Ai Chiosi","isPartOf":{"@id":"https:\/\/www.aichiosi.it\/it\/#website"},"datePublished":"2015-08-17T14:10:20+00:00","dateModified":"2024-04-23T07:56:07+00:00","breadcrumb":{"@id":"https:\/\/www.aichiosi.it\/it\/cookie-policy\/#breadcrumb"},"inLanguage":"it-IT","potentialAction":[{"@type":"ReadAction","target":["https:\/\/www.aichiosi.it\/it\/cookie-policy\/"]}]},{"@type":"BreadcrumbList","@id":"https:\/\/www.aichiosi.it\/it\/cookie-policy\/#breadcrumb","itemListElement":[{"@type":"ListItem","position":1,"name":"Home","item":"https:\/\/www.aichiosi.it\/it\/"},{"@type":"ListItem","position":2,"name":"Cookie Policy"}]},{"@type":"WebSite","@id":"https:\/\/www.aichiosi.it\/it\/#website","url":"https:\/\/www.aichiosi.it\/it\/","name":"Bed and Breakfast Ai Chiosi","description":"Dormire a Pontremoli (MS) - Toscana","publisher":{"@id":"https:\/\/www.aichiosi.it\/it\/#organization"},"potentialAction":[{"@type":"SearchAction","target":{"@type":"EntryPoint","urlTemplate":"https:\/\/www.aichiosi.it\/it\/?s={search_term_string}"},"query-input":{"@type":"PropertyValueSpecification","valueRequired":true,"valueName":"search_term_string"}}],"inLanguage":"it-IT"},{"@type":"Organization","@id":"https:\/\/www.aichiosi.it\/it\/#organization","name":"Bed and Breakfast Ai Chiosi","url":"https:\/\/www.aichiosi.it\/it\/","logo":{"@type":"ImageObject","inLanguage":"it-IT","@id":"https:\/\/www.aichiosi.it\/it\/#\/schema\/logo\/image\/","url":"https:\/\/www.aichiosi.it\/wp-content\/uploads\/2004\/01\/logo_fiore_ai_chiosi1.png","contentUrl":"https:\/\/www.aichiosi.it\/wp-content\/uploads\/2004\/01\/logo_fiore_ai_chiosi1.png","width":418,"height":392,"caption":"Bed and Breakfast Ai Chiosi"},"image":{"@id":"https:\/\/www.aichiosi.it\/it\/#\/schema\/logo\/image\/"},"sameAs":["https:\/\/www.facebook.com\/AiChiosi"]}]}},"_links":{"self":[{"href":"https:\/\/www.aichiosi.it\/it\/wp-json\/wp\/v2\/pages\/2996","targetHints":{"allow":["GET"]}}],"collection":[{"href":"https:\/\/www.aichiosi.it\/it\/wp-json\/wp\/v2\/pages"}],"about":[{"href":"https:\/\/www.aichiosi.it\/it\/wp-json\/wp\/v2\/types\/page"}],"author":[{"embeddable":true,"href":"https:\/\/www.aichiosi.it\/it\/wp-json\/wp\/v2\/users\/1"}],"replies":[{"embeddable":true,"href":"https:\/\/www.aichiosi.it\/it\/wp-json\/wp\/v2\/comments?post=2996"}],"version-history":[{"count":0,"href":"https:\/\/www.aichiosi.it\/it\/wp-json\/wp\/v2\/pages\/2996\/revisions"}],"wp:attachment":[{"href":"https:\/\/www.aichiosi.it\/it\/wp-json\/wp\/v2\/media?parent=2996"}],"curies":[{"name":"wp","href":"https:\/\/api.w.org\/{rel}","templated":true}]}}